{"id":404,"date":"2018-06-27T10:38:42","date_gmt":"2018-06-27T08:38:42","guid":{"rendered":"http:\/\/cebuzenval.com\/?page_id=404"},"modified":"2024-08-31T14:08:59","modified_gmt":"2024-08-31T12:08:59","slug":"pension-proprietaire","status":"publish","type":"page","link":"https:\/\/cebuzenval.com\/index.php\/pension-proprietaire\/","title":{"rendered":"Pension propri\u00e9taire"},"content":{"rendered":"<div class=\"wpb-content-wrapper\"><p>[vc_row css_animation=\u00a0\u00bb\u00a0\u00bb row_type=\u00a0\u00bbrow\u00a0\u00bb use_row_as_full_screen_section=\u00a0\u00bbno\u00a0\u00bb type=\u00a0\u00bbfull_width\u00a0\u00bb angled_section=\u00a0\u00bbno\u00a0\u00bb text_align=\u00a0\u00bbleft\u00a0\u00bb background_image_as_pattern=\u00a0\u00bbwithout_pattern\u00a0\u00bb][vc_column][vc_empty_space background_image=\u00a0\u00bb15418&Prime; image_repeat=\u00a0\u00bbrepeat-x\u00a0\u00bb][rev_slider_vc alias=\u00a0\u00bblogo-fushia\u00a0\u00bb][vc_empty_space background_image=\u00a0\u00bb15418&Prime; image_repeat=\u00a0\u00bbrepeat-x\u00a0\u00bb][rev_slider_vc alias=\u00a0\u00bbpension_box\u00a0\u00bb][\/vc_column][\/vc_row][vc_row css_animation=\u00a0\u00bb\u00a0\u00bb row_type=\u00a0\u00bbrow\u00a0\u00bb use_row_as_full_screen_section=\u00a0\u00bbno\u00a0\u00bb type=\u00a0\u00bbfull_width\u00a0\u00bb angled_section=\u00a0\u00bbno\u00a0\u00bb text_align=\u00a0\u00bbleft\u00a0\u00bb background_image_as_pattern=\u00a0\u00bbwithout_pattern\u00a0\u00bb background_color=\u00a0\u00bb#ffffff\u00a0\u00bb row_negative_margin=\u00a0\u00bbdisable_negative_margin\u00a0\u00bb z_index=\u00a0\u00bb\u00a0\u00bb css=\u00a0\u00bb.vc_custom_1532434735217{padding-right: 15px !important;padding-left: 15px !important;}\u00a0\u00bb][vc_column width=\u00a0\u00bb1\/6&Prime; offset=\u00a0\u00bbvc_hidden-xs\u00a0\u00bb][vc_single_image image=\u00a0\u00bb386&Prime; img_size=\u00a0\u00bbfull\u00a0\u00bb alignment=\u00a0\u00bbcenter\u00a0\u00bb css=\u00a0\u00bb.vc_custom_1537877155653{padding-bottom: 5px !important;}\u00a0\u00bb qode_css_animation=\u00a0\u00bb\u00a0\u00bb][vc_single_image image=\u00a0\u00bb716&Prime; img_size=\u00a0\u00bbfull\u00a0\u00bb alignment=\u00a0\u00bbcenter\u00a0\u00bb css=\u00a0\u00bb.vc_custom_1537877161627{padding-top: 5px !important;padding-bottom: 5px !important;}\u00a0\u00bb qode_css_animation=\u00a0\u00bb\u00a0\u00bb][vc_single_image image=\u00a0\u00bb390&Prime; img_size=\u00a0\u00bbfull\u00a0\u00bb alignment=\u00a0\u00bbcenter\u00a0\u00bb css=\u00a0\u00bb.vc_custom_1537877190762{padding-top: 5px !important;padding-bottom: 5px !important;}\u00a0\u00bb qode_css_animation=\u00a0\u00bb\u00a0\u00bb][vc_single_image image=\u00a0\u00bb393&Prime; img_size=\u00a0\u00bbfull\u00a0\u00bb alignment=\u00a0\u00bbcenter\u00a0\u00bb css=\u00a0\u00bb.vc_custom_1537877166457{padding-bottom: 5px !important;}\u00a0\u00bb qode_css_animation=\u00a0\u00bb\u00a0\u00bb][vc_single_image image=\u00a0\u00bb685&Prime; img_size=\u00a0\u00bbfull\u00a0\u00bb alignment=\u00a0\u00bbcenter\u00a0\u00bb css=\u00a0\u00bb.vc_custom_1537877180502{padding-top: 5px !important;padding-bottom: 5px !important;}\u00a0\u00bb qode_css_animation=\u00a0\u00bb\u00a0\u00bb][vc_single_image image=\u00a0\u00bb388&Prime; img_size=\u00a0\u00bbfull\u00a0\u00bb alignment=\u00a0\u00bbcenter\u00a0\u00bb css=\u00a0\u00bb.vc_custom_1537877186108{padding-top: 5px !important;padding-bottom: 5px !important;}\u00a0\u00bb qode_css_animation=\u00a0\u00bb\u00a0\u00bb][vc_single_image image=\u00a0\u00bb392&Prime; img_size=\u00a0\u00bbfull\u00a0\u00bb alignment=\u00a0\u00bbcenter\u00a0\u00bb css=\u00a0\u00bb.vc_custom_1537877197249{padding-top: 5px !important;padding-bottom: 5px !important;}\u00a0\u00bb qode_css_animation=\u00a0\u00bb\u00a0\u00bb][vc_single_image image=\u00a0\u00bb717&Prime; img_size=\u00a0\u00bbfull\u00a0\u00bb alignment=\u00a0\u00bbcenter\u00a0\u00bb css=\u00a0\u00bb.vc_custom_1537877212639{padding-top: 5px !important;padding-bottom: 5px !important;}\u00a0\u00bb qode_css_animation=\u00a0\u00bb\u00a0\u00bb][vc_single_image image=\u00a0\u00bb393&Prime; img_size=\u00a0\u00bbfull\u00a0\u00bb alignment=\u00a0\u00bbcenter\u00a0\u00bb css=\u00a0\u00bb.vc_custom_1537877166457{padding-bottom: 5px !important;}\u00a0\u00bb qode_css_animation=\u00a0\u00bb\u00a0\u00bb][\/vc_column][vc_column width=\u00a0\u00bb2\/3&Prime; css=\u00a0\u00bb.vc_custom_1529058203410{padding-bottom: 20px !important;}\u00a0\u00bb][vc_separator type=\u00a0\u00bbnormal\u00a0\u00bb color=\u00a0\u00bb#000000&Prime;][vc_column_text]<\/p>\n<h4>PENSION PROPRI\u00c9TAIRE<\/h4>\n<p>[\/vc_column_text][vc_separator type=\u00a0\u00bbnormal\u00a0\u00bb color=\u00a0\u00bb#000000&Prime;][vc_row_inner row_type=\u00a0\u00bbrow\u00a0\u00bb type=\u00a0\u00bbfull_width\u00a0\u00bb text_align=\u00a0\u00bbleft\u00a0\u00bb row_negative_margin=\u00a0\u00bbdisable_negative_margin\u00a0\u00bb css_animation=\u00a0\u00bb\u00a0\u00bb css=\u00a0\u00bb.vc_custom_1532434821301{background-color: #e5e5e5 !important;}\u00a0\u00bb][vc_column_inner width=\u00a0\u00bb3\/4&Prime;][vc_empty_space height=\u00a0\u00bb15px\u00a0\u00bb][vc_column_text]<\/p>\n<h3>Votre cheval arrive au CEB !<\/h3>\n<p>[\/vc_column_text][vc_empty_space height=\u00a0\u00bb15px\u00a0\u00bb][vc_column_text]<\/p>\n<div class=\"page\" title=\"Page 1\">\n<div class=\"layoutArea\">\n<div class=\"column\">\n<p style=\"text-align: justify;\"><strong>Le club est ouvert 7 jours sur 7 et votre cheval b\u00e9n\u00e9ficiera d&rsquo;un box de 3 m\u00e8tres sur 3 avec abreuvoir automatique et des repas distribu\u00e9s 3 fois par jour dont un avec du foin. De plus, nous vous proposons diff\u00e9rentes gammes d&rsquo;aliments du traditionnel au floconn\u00e9 comp\u00e9tition auxquels peuvent se rajouter des rations de foin.<\/strong><\/p>\n<p><strong>Le choix de la liti\u00e8re comprend la paille longue recherch\u00e9e en r\u00e9gion ou des copeaux avec suppl\u00e9ment.<\/strong><\/p>\n<p><strong>Le pansage est assur\u00e9 4 fois par semaine par une \u00e9quipe de soigneurs exp\u00e9riment\u00e9s.<\/strong><\/p>\n<p style=\"text-align: justify;\"><strong>Vous disposerez pour travailler votre cheval, d&rsquo;un man\u00e8ge olympique, d&rsquo;un man\u00e8ge poney pour le longer, d&rsquo;une carri\u00e8re de 2.200 m2. Vous aurez aussi 3 reprises r\u00e9serv\u00e9es par semaine et vous pourrez vous\u00a0 int\u00e9grer dans les reprises du planning dans la limite des places disponibles et en fonction de votre niveau.<\/strong><\/p>\n<p>&nbsp;<\/p>\n<p style=\"text-align: justify;\"><strong>Le bois de Saint-Cucufa peut \u00eatre rejoint ais\u00e9ment par une all\u00e9e cavali\u00e8re priv\u00e9e et le paddock est \u00e0 votre service pour le temps calme.<\/strong><\/p>\n<p style=\"text-align: justify;\"><strong>Des services compl\u00e9mentaires peuvent \u00eatre fournis en vous adressant aupr\u00e8s de la Direction ou du chef d&rsquo;\u00e9curie.<\/strong><\/p>\n<\/div>\n<\/div>\n<\/div>\n<p>[\/vc_column_text][vc_empty_space height=\u00a0\u00bb30px\u00a0\u00bb][\/vc_column_inner][vc_column_inner width=\u00a0\u00bb1\/4&Prime;][vc_empty_space][vc_column_text]<\/p>\n<div class=\"page\" title=\"Page 1\">\n<div class=\"layoutArea\">\n<div class=\"column\">\n<p><strong>Tarif mensuel : 720 \u20ac TTC<\/strong><\/p>\n<p><strong>(depuis le 1er septembre 2022)<\/strong><\/p>\n<p><strong>Sophie, Secr\u00e9tariat :<br \/>\n01 47 51 97 33<\/strong><\/p>\n<p><strong>Pierre-Etienne Rossi, Directeur :<br \/>\n06 20 65 45 55<\/strong><\/p>\n<\/div>\n<\/div>\n<\/div>\n<p>[\/vc_column_text][\/vc_column_inner][\/vc_row_inner][vc_empty_space height=\u00a0\u00bb15px\u00a0\u00bb][vc_row_inner row_type=\u00a0\u00bbrow\u00a0\u00bb type=\u00a0\u00bbfull_width\u00a0\u00bb text_align=\u00a0\u00bbleft\u00a0\u00bb row_negative_margin=\u00a0\u00bbdisable_negative_margin\u00a0\u00bb css_animation=\u00a0\u00bb\u00a0\u00bb css=\u00a0\u00bb.vc_custom_1532434812859{background-color: #a4d7c6 !important;}\u00a0\u00bb][vc_column_inner][vc_empty_space height=\u00a0\u00bb30px\u00a0\u00bb]<div class=\"qode-accordion-holder clearfix qode-toggle qode-initial \">\n\t<h3 class=\"clearfix qode-title-holder\">\n<span class=\"qode-tab-title\">\n\t\t\t<span class=\"qode-tab-title-icon\">\n\t\t\t<i class=\"qode_icon_font_awesome fa fa-arrow-down \" ><\/i>\t\t<\/span>\n\t    <span class=\"qode-tab-title-inner\">\n        Participation aux activit\u00e9s    <\/span>\n<\/span>\n<span class=\"qode-accordion-mark\">\n    <span class=\"qode-accordion-mark-icon\">\n        <span class=\"icon_plus\"><\/span>\n        <span class=\"icon_minus-06\"><\/span>\n    <\/span>\n<\/span>\n<\/h3>\n<div class=\"qode-accordion-content qode-acc-title-with-icon\" >\n    <div class=\"qode-accordion-content-inner\">\n        [vc_column_text]\n<table id=\"tablepress-5\" class=\"tablepress tablepress-id-5\">\n<thead>\n<tr class=\"row-1\">\n\t<td class=\"column-1\"><\/td><th class=\"column-2\">Cheval<\/th><th class=\"column-3\">Double Poney<\/th>\n<\/tr>\n<\/thead>\n<tbody class=\"row-striping row-hover\">\n<tr class=\"row-2\">\n\t<td class=\"column-1\">Perfectionnements<\/td><td class=\"column-2\">23\u20ac<\/td><td class=\"column-3\">23\u20ac<\/td>\n<\/tr>\n<tr class=\"row-3\">\n\t<td class=\"column-1\">Stages de la journ\u00e9e (repas compris)<\/td><td class=\"column-2\">48\u20ac<\/td><td class=\"column-3\">46\u20ac<\/td>\n<\/tr>\n<tr class=\"row-4\">\n\t<td class=\"column-1\">Concours interne Dressage \/ CSO<\/td><td class=\"column-2\">17\u20ac<\/td><td class=\"column-3\">17\u20ac<\/td>\n<\/tr>\n<tr class=\"row-5\">\n\t<td class=\"column-1\">Concours officiel Buzenval Dressage \/CSO<\/td><td class=\"column-2\">14\u20ac + engagt<\/td><td class=\"column-3\">14\u20ac + engagt<\/td>\n<\/tr>\n<tr class=\"row-6\">\n\t<td class=\"column-1\">Concours officiel ext\u00e9rieur Dressage \/CSO<\/td><td class=\"column-2\">14\u20ac + engagt<\/td><td class=\"column-3\">14\u20ac + engagt<\/td>\n<\/tr>\n<tr class=\"row-7\">\n\t<td class=\"column-1\">Concours officiel ext\u00e9rieur CCE<\/td><td class=\"column-2\">50 \u20ac + engagt<\/td><td class=\"column-3\">20\u20ac + engagt<\/td>\n<\/tr>\n<tr class=\"row-8\">\n\t<td class=\"column-1\">Transport (dans la limite des places disponibles)<\/td><td class=\"column-2\">24\u20ac<\/td><td class=\"column-3\">24\u20ac<\/td>\n<\/tr>\n<\/tbody>\n<\/table>\n<!-- #tablepress-5 from cache -->[\/vc_column_text]    <\/div>\n<\/div><\/div>[vc_empty_space height=\u00a0\u00bb30px\u00a0\u00bb][\/vc_column_inner][\/vc_row_inner][vc_row_inner row_type=\u00a0\u00bbrow\u00a0\u00bb type=\u00a0\u00bbfull_width\u00a0\u00bb text_align=\u00a0\u00bbleft\u00a0\u00bb css_animation=\u00a0\u00bb\u00a0\u00bb][vc_column_inner][vc_empty_space height=\u00a0\u00bb15px\u00a0\u00bb][vc_single_image image=\u00a0\u00bb1480&Prime; img_size=\u00a0\u00bbfull\u00a0\u00bb qode_css_animation=\u00a0\u00bb\u00a0\u00bb][\/vc_column_inner][\/vc_row_inner][\/vc_column][vc_column width=\u00a0\u00bb1\/6&Prime; offset=\u00a0\u00bbvc_hidden-xs\u00a0\u00bb][vc_single_image image=\u00a0\u00bb392&Prime; img_size=\u00a0\u00bbfull\u00a0\u00bb alignment=\u00a0\u00bbcenter\u00a0\u00bb css=\u00a0\u00bb.vc_custom_1537877197249{padding-top: 5px !important;padding-bottom: 5px !important;}\u00a0\u00bb qode_css_animation=\u00a0\u00bb\u00a0\u00bb][vc_single_image image=\u00a0\u00bb701&Prime; img_size=\u00a0\u00bbfull\u00a0\u00bb alignment=\u00a0\u00bbcenter\u00a0\u00bb css=\u00a0\u00bb.vc_custom_1537877202636{padding-bottom: 5px !important;}\u00a0\u00bb qode_css_animation=\u00a0\u00bb\u00a0\u00bb][vc_single_image image=\u00a0\u00bb394&Prime; img_size=\u00a0\u00bbfull\u00a0\u00bb alignment=\u00a0\u00bbcenter\u00a0\u00bb css=\u00a0\u00bb.vc_custom_1537877207822{padding-top: 5px !important;padding-bottom: 5px !important;}\u00a0\u00bb qode_css_animation=\u00a0\u00bb\u00a0\u00bb][vc_single_image image=\u00a0\u00bb717&Prime; img_size=\u00a0\u00bbfull\u00a0\u00bb alignment=\u00a0\u00bbcenter\u00a0\u00bb css=\u00a0\u00bb.vc_custom_1537877212639{padding-top: 5px !important;padding-bottom: 5px !important;}\u00a0\u00bb qode_css_animation=\u00a0\u00bb\u00a0\u00bb][vc_single_image image=\u00a0\u00bb387&Prime; img_size=\u00a0\u00bbfull\u00a0\u00bb alignment=\u00a0\u00bbcenter\u00a0\u00bb css=\u00a0\u00bb.vc_custom_1537877217441{padding-top: 5px !important;padding-bottom: 5px !important;}\u00a0\u00bb qode_css_animation=\u00a0\u00bb\u00a0\u00bb][vc_single_image image=\u00a0\u00bb386&Prime; img_size=\u00a0\u00bbfull\u00a0\u00bb alignment=\u00a0\u00bbcenter\u00a0\u00bb css=\u00a0\u00bb.vc_custom_1537877223070{padding-top: 5px !important;padding-bottom: 5px !important;}\u00a0\u00bb qode_css_animation=\u00a0\u00bb\u00a0\u00bb][vc_single_image image=\u00a0\u00bb700&Prime; img_size=\u00a0\u00bbfull\u00a0\u00bb alignment=\u00a0\u00bbcenter\u00a0\u00bb css=\u00a0\u00bb.vc_custom_1538131332457{padding-top: 5px !important;padding-bottom: 5px !important;}\u00a0\u00bb qode_css_animation=\u00a0\u00bb\u00a0\u00bb][vc_single_image image=\u00a0\u00bb392&Prime; img_size=\u00a0\u00bbfull\u00a0\u00bb alignment=\u00a0\u00bbcenter\u00a0\u00bb css=\u00a0\u00bb.vc_custom_1537877197249{padding-top: 5px !important;padding-bottom: 5px !important;}\u00a0\u00bb qode_css_animation=\u00a0\u00bb\u00a0\u00bb][vc_single_image image=\u00a0\u00bb393&Prime; img_size=\u00a0\u00bbfull\u00a0\u00bb alignment=\u00a0\u00bbcenter\u00a0\u00bb css=\u00a0\u00bb.vc_custom_1537877166457{padding-bottom: 5px !important;}\u00a0\u00bb qode_css_animation=\u00a0\u00bb\u00a0\u00bb][\/vc_column][\/vc_row]<\/p>\n<\/div>","protected":false},"excerpt":{"rendered":"<p>[vc_row css_animation=\u00a0\u00bb\u00a0\u00bb row_type=\u00a0\u00bbrow\u00a0\u00bb use_row_as_full_screen_section=\u00a0\u00bbno\u00a0\u00bb type=\u00a0\u00bbfull_width\u00a0\u00bb angled_section=\u00a0\u00bbno\u00a0\u00bb text_align=\u00a0\u00bbleft\u00a0\u00bb background_image_as_pattern=\u00a0\u00bbwithout_pattern\u00a0\u00bb][vc_column][vc_empty_space background_image=\u00a0\u00bb15418&Prime; image_repeat=\u00a0\u00bbrepeat-x\u00a0\u00bb][rev_slider_vc alias=\u00a0\u00bblogo-fushia\u00a0\u00bb][vc_empty_space background_image=\u00a0\u00bb15418&Prime; image_repeat=\u00a0\u00bbrepeat-x\u00a0\u00bb][rev_slider_vc alias=\u00a0\u00bbpension_box\u00a0\u00bb][\/vc_column][\/vc_row][vc_row css_animation=\u00a0\u00bb\u00a0\u00bb row_type=\u00a0\u00bbrow\u00a0\u00bb use_row_as_full_screen_section=\u00a0\u00bbno\u00a0\u00bb type=\u00a0\u00bbfull_width\u00a0\u00bb angled_section=\u00a0\u00bbno\u00a0\u00bb text_align=\u00a0\u00bbleft\u00a0\u00bb background_image_as_pattern=\u00a0\u00bbwithout_pattern\u00a0\u00bb background_color=\u00a0\u00bb#ffffff\u00a0\u00bb row_negative_margin=\u00a0\u00bbdisable_negative_margin\u00a0\u00bb z_index=\u00a0\u00bb\u00a0\u00bb css=\u00a0\u00bb.vc_custom_1532434735217{padding-right: 15px !important;padding-left: 15px !important;}\u00a0\u00bb][vc_column width=\u00a0\u00bb1\/6&Prime; offset=\u00a0\u00bbvc_hidden-xs\u00a0\u00bb][vc_single_image image=\u00a0\u00bb386&Prime; img_size=\u00a0\u00bbfull\u00a0\u00bb alignment=\u00a0\u00bbcenter\u00a0\u00bb css=\u00a0\u00bb.vc_custom_1537877155653{padding-bottom: 5px !important;}\u00a0\u00bb qode_css_animation=\u00a0\u00bb\u00a0\u00bb][vc_single_image image=\u00a0\u00bb716&Prime; img_size=\u00a0\u00bbfull\u00a0\u00bb alignment=\u00a0\u00bbcenter\u00a0\u00bb css=\u00a0\u00bb.vc_custom_1537877161627{padding-top: 5px !important;padding-bottom: 5px !important;}\u00a0\u00bb qode_css_animation=\u00a0\u00bb\u00a0\u00bb][vc_single_image image=\u00a0\u00bb390&Prime; img_size=\u00a0\u00bbfull\u00a0\u00bb alignment=\u00a0\u00bbcenter\u00a0\u00bb css=\u00a0\u00bb.vc_custom_1537877190762{padding-top: 5px !important;padding-bottom: 5px !important;}\u00a0\u00bb qode_css_animation=\u00a0\u00bb\u00a0\u00bb][vc_single_image image=\u00a0\u00bb393&Prime; img_size=\u00a0\u00bbfull\u00a0\u00bb alignment=\u00a0\u00bbcenter\u00a0\u00bb css=\u00a0\u00bb.vc_custom_1537877166457{padding-bottom: 5px !important;}\u00a0\u00bb qode_css_animation=\u00a0\u00bb\u00a0\u00bb][vc_single_image image=\u00a0\u00bb685&Prime; img_size=\u00a0\u00bbfull\u00a0\u00bb alignment=\u00a0\u00bbcenter\u00a0\u00bb css=\u00a0\u00bb.vc_custom_1537877180502{padding-top: 5px !important;padding-bottom: 5px !important;}\u00a0\u00bb qode_css_animation=\u00a0\u00bb\u00a0\u00bb][vc_single_image image=\u00a0\u00bb388&Prime; img_size=\u00a0\u00bbfull\u00a0\u00bb alignment=\u00a0\u00bbcenter\u00a0\u00bb css=\u00a0\u00bb.vc_custom_1537877186108{padding-top: 5px !important;padding-bottom: 5px !important;}\u00a0\u00bb qode_css_animation=\u00a0\u00bb\u00a0\u00bb][vc_single_image image=\u00a0\u00bb392&Prime; img_size=\u00a0\u00bbfull\u00a0\u00bb alignment=\u00a0\u00bbcenter\u00a0\u00bb css=\u00a0\u00bb.vc_custom_1537877197249{padding-top: 5px !important;padding-bottom: 5px !important;}\u00a0\u00bb qode_css_animation=\u00a0\u00bb\u00a0\u00bb][vc_single_image image=\u00a0\u00bb717&Prime; img_size=\u00a0\u00bbfull\u00a0\u00bb alignment=\u00a0\u00bbcenter\u00a0\u00bb css=\u00a0\u00bb.vc_custom_1537877212639{padding-top: 5px !important;padding-bottom: 5px !important;}\u00a0\u00bb qode_css_animation=\u00a0\u00bb\u00a0\u00bb][vc_single_image image=\u00a0\u00bb393&Prime; img_size=\u00a0\u00bbfull\u00a0\u00bb alignment=\u00a0\u00bbcenter\u00a0\u00bb css=\u00a0\u00bb.vc_custom_1537877166457{padding-bottom: 5px !important;}\u00a0\u00bb qode_css_animation=\u00a0\u00bb\u00a0\u00bb][\/vc_column][vc_column width=\u00a0\u00bb2\/3&Prime; css=\u00a0\u00bb.vc_custom_1529058203410{padding-bottom: 20px !important;}\u00a0\u00bb][vc_separator type=\u00a0\u00bbnormal\u00a0\u00bb color=\u00a0\u00bb#000000&Prime;][vc_column_text] PENSION PROPRI\u00c9TAIRE [\/vc_column_text][vc_separator type=\u00a0\u00bbnormal\u00a0\u00bb color=\u00a0\u00bb#000000&Prime;][vc_row_inner row_type=\u00a0\u00bbrow\u00a0\u00bb type=\u00a0\u00bbfull_width\u00a0\u00bb text_align=\u00a0\u00bbleft\u00a0\u00bb row_negative_margin=\u00a0\u00bbdisable_negative_margin\u00a0\u00bb css_animation=\u00a0\u00bb\u00a0\u00bb css=\u00a0\u00bb.vc_custom_1532434821301{background-color: #e5e5e5 !important;}\u00a0\u00bb][vc_column_inner width=\u00a0\u00bb3\/4&Prime;][vc_empty_space height=\u00a0\u00bb15px\u00a0\u00bb][vc_column_text] Votre cheval arrive au CEB ! [\/vc_column_text][vc_empty_space height=\u00a0\u00bb15px\u00a0\u00bb][vc_column_text] Le club est ouvert 7 jours sur 7 et votre cheval b\u00e9n\u00e9ficiera d&rsquo;un box de 3 m\u00e8tres sur 3 avec abreuvoir automatique et des repas distribu\u00e9s 3 fois par jour dont un avec du foin. De plus, nous vous proposons diff\u00e9rentes gammes d&rsquo;aliments du traditionnel au floconn\u00e9 comp\u00e9tition auxquels peuvent se rajouter des rations de foin. Le choix de la liti\u00e8re comprend la paille longue recherch\u00e9e en r\u00e9gion ou des copeaux avec suppl\u00e9ment. Le pansage est assur\u00e9 4 fois par semaine par une \u00e9quipe de soigneurs exp\u00e9riment\u00e9s. Vous disposerez pour travailler votre cheval, d&rsquo;un man\u00e8ge olympique, d&rsquo;un man\u00e8ge poney pour le longer, d&rsquo;une carri\u00e8re de 2.200 m2. Vous aurez aussi 3 reprises r\u00e9serv\u00e9es par semaine et vous pourrez vous\u00a0 int\u00e9grer dans les reprises du planning dans la limite des places disponibles et en fonction de votre niveau. &nbsp; Le bois de Saint-Cucufa peut \u00eatre rejoint ais\u00e9ment par une all\u00e9e cavali\u00e8re priv\u00e9e et le paddock est \u00e0 votre service pour le temps calme. Des services compl\u00e9mentaires&#8230;<\/p>\n","protected":false},"author":1,"featured_media":0,"parent":0,"menu_order":0,"comment_status":"closed","ping_status":"closed","template":"full_width.php","meta":{"footnotes":""},"class_list":["post-404","page","type-page","status-publish","hentry"],"_links":{"self":[{"href":"https:\/\/cebuzenval.com\/index.php\/wp-json\/wp\/v2\/pages\/404","targetHints":{"allow":["GET"]}}],"collection":[{"href":"https:\/\/cebuzenval.com\/index.php\/wp-json\/wp\/v2\/pages"}],"about":[{"href":"https:\/\/cebuzenval.com\/index.php\/wp-json\/wp\/v2\/types\/page"}],"author":[{"embeddable":true,"href":"https:\/\/cebuzenval.com\/index.php\/wp-json\/wp\/v2\/users\/1"}],"replies":[{"embeddable":true,"href":"https:\/\/cebuzenval.com\/index.php\/wp-json\/wp\/v2\/comments?post=404"}],"version-history":[{"count":81,"href":"https:\/\/cebuzenval.com\/index.php\/wp-json\/wp\/v2\/pages\/404\/revisions"}],"predecessor-version":[{"id":5523,"href":"https:\/\/cebuzenval.com\/index.php\/wp-json\/wp\/v2\/pages\/404\/revisions\/5523"}],"wp:attachment":[{"href":"https:\/\/cebuzenval.com\/index.php\/wp-json\/wp\/v2\/media?parent=404"}],"curies":[{"name":"wp","href":"https:\/\/api.w.org\/{rel}","templated":true}]}}