{"id":617,"date":"2018-07-06T13:05:10","date_gmt":"2018-07-06T11:05:10","guid":{"rendered":"http:\/\/cebuzenval.com\/?page_id=617"},"modified":"2025-05-22T12:27:00","modified_gmt":"2025-05-22T10:27:00","slug":"passage-de-galops","status":"publish","type":"page","link":"https:\/\/cebuzenval.com\/index.php\/passage-de-galops\/","title":{"rendered":"Passage de galops"},"content":{"rendered":"<div class=\"wpb-content-wrapper\"><p>[vc_row css_animation=\u00a0\u00bb\u00a0\u00bb row_type=\u00a0\u00bbrow\u00a0\u00bb use_row_as_full_screen_section=\u00a0\u00bbno\u00a0\u00bb type=\u00a0\u00bbfull_width\u00a0\u00bb angled_section=\u00a0\u00bbno\u00a0\u00bb text_align=\u00a0\u00bbleft\u00a0\u00bb background_image_as_pattern=\u00a0\u00bbwithout_pattern\u00a0\u00bb][vc_column][vc_empty_space background_image=\u00a0\u00bb15418&Prime; image_repeat=\u00a0\u00bbrepeat-x\u00a0\u00bb][rev_slider_vc alias=\u00a0\u00bblogo-fushia\u00a0\u00bb][\/vc_column][\/vc_row][vc_row css_animation=\u00a0\u00bb\u00a0\u00bb row_type=\u00a0\u00bbrow\u00a0\u00bb use_row_as_full_screen_section=\u00a0\u00bbno\u00a0\u00bb type=\u00a0\u00bbfull_width\u00a0\u00bb angled_section=\u00a0\u00bbno\u00a0\u00bb text_align=\u00a0\u00bbleft\u00a0\u00bb background_image_as_pattern=\u00a0\u00bbwithout_pattern\u00a0\u00bb background_color=\u00a0\u00bb#ffffff\u00a0\u00bb z_index=\u00a0\u00bb\u00a0\u00bb css=\u00a0\u00bb.vc_custom_1529057908845{padding-right: 15px !important;padding-left: 15px !important;}\u00a0\u00bb][vc_column width=\u00a0\u00bb1\/6&Prime; offset=\u00a0\u00bbvc_hidden-xs\u00a0\u00bb][vc_single_image image=\u00a0\u00bb743&Prime; img_size=\u00a0\u00bbfull\u00a0\u00bb alignment=\u00a0\u00bbcenter\u00a0\u00bb css=\u00a0\u00bb.vc_custom_1537879464046{padding-top: 5px !important;padding-bottom: 5px !important;}\u00a0\u00bb qode_css_animation=\u00a0\u00bb\u00a0\u00bb][vc_single_image image=\u00a0\u00bb386&Prime; img_size=\u00a0\u00bbfull\u00a0\u00bb alignment=\u00a0\u00bbcenter\u00a0\u00bb css=\u00a0\u00bb.vc_custom_1537879458492{padding-bottom: 5px !important;}\u00a0\u00bb qode_css_animation=\u00a0\u00bb\u00a0\u00bb][vc_single_image image=\u00a0\u00bb740&Prime; img_size=\u00a0\u00bbfull\u00a0\u00bb alignment=\u00a0\u00bbcenter\u00a0\u00bb css=\u00a0\u00bb.vc_custom_1537879470524{padding-top: 5px !important;padding-bottom: 5px !important;}\u00a0\u00bb qode_css_animation=\u00a0\u00bb\u00a0\u00bb][vc_single_image image=\u00a0\u00bb697&Prime; img_size=\u00a0\u00bbfull\u00a0\u00bb alignment=\u00a0\u00bbcenter\u00a0\u00bb css=\u00a0\u00bb.vc_custom_1568394961018{padding-bottom: 5px !important;}\u00a0\u00bb qode_css_animation=\u00a0\u00bb\u00a0\u00bb][vc_single_image image=\u00a0\u00bb682&Prime; img_size=\u00a0\u00bbfull\u00a0\u00bb alignment=\u00a0\u00bbcenter\u00a0\u00bb css=\u00a0\u00bb.vc_custom_1683971258264{padding-bottom: 5px !important;}\u00a0\u00bb qode_css_animation=\u00a0\u00bb\u00a0\u00bb][vc_single_image image=\u00a0\u00bb390&Prime; img_size=\u00a0\u00bbfull\u00a0\u00bb alignment=\u00a0\u00bbcenter\u00a0\u00bb css=\u00a0\u00bb.vc_custom_1683971407288{padding-bottom: 5px !important;}\u00a0\u00bb qode_css_animation=\u00a0\u00bb\u00a0\u00bb][vc_single_image image=\u00a0\u00bb386&Prime; img_size=\u00a0\u00bbfull\u00a0\u00bb alignment=\u00a0\u00bbcenter\u00a0\u00bb css=\u00a0\u00bb.vc_custom_1683971428754{padding-bottom: 5px !important;}\u00a0\u00bb qode_css_animation=\u00a0\u00bb\u00a0\u00bb][vc_single_image image=\u00a0\u00bb395&Prime; img_size=\u00a0\u00bbfull\u00a0\u00bb alignment=\u00a0\u00bbcenter\u00a0\u00bb css=\u00a0\u00bb.vc_custom_1683971443383{padding-bottom: 5px !important;}\u00a0\u00bb qode_css_animation=\u00a0\u00bb\u00a0\u00bb][vc_single_image image=\u00a0\u00bb387&Prime; img_size=\u00a0\u00bbfull\u00a0\u00bb alignment=\u00a0\u00bbcenter\u00a0\u00bb css=\u00a0\u00bb.vc_custom_1683971456282{padding-bottom: 5px !important;}\u00a0\u00bb qode_css_animation=\u00a0\u00bb\u00a0\u00bb][vc_single_image image=\u00a0\u00bb367&Prime; img_size=\u00a0\u00bbfull\u00a0\u00bb alignment=\u00a0\u00bbcenter\u00a0\u00bb css=\u00a0\u00bb.vc_custom_1683971677168{padding-bottom: 5px !important;}\u00a0\u00bb qode_css_animation=\u00a0\u00bb\u00a0\u00bb][vc_single_image image=\u00a0\u00bb393&Prime; img_size=\u00a0\u00bbfull\u00a0\u00bb alignment=\u00a0\u00bbcenter\u00a0\u00bb css=\u00a0\u00bb.vc_custom_1683971790410{padding-bottom: 5px !important;}\u00a0\u00bb qode_css_animation=\u00a0\u00bb\u00a0\u00bb][vc_single_image image=\u00a0\u00bb381&Prime; img_size=\u00a0\u00bbfull\u00a0\u00bb alignment=\u00a0\u00bbcenter\u00a0\u00bb css=\u00a0\u00bb.vc_custom_1684053651783{padding-bottom: 5px !important;}\u00a0\u00bb qode_css_animation=\u00a0\u00bb\u00a0\u00bb][vc_single_image image=\u00a0\u00bb369&Prime; img_size=\u00a0\u00bbfull\u00a0\u00bb alignment=\u00a0\u00bbcenter\u00a0\u00bb css=\u00a0\u00bb.vc_custom_1684053744995{padding-bottom: 5px !important;}\u00a0\u00bb qode_css_animation=\u00a0\u00bb\u00a0\u00bb][\/vc_column][vc_column width=\u00a0\u00bb2\/3&Prime; css=\u00a0\u00bb.vc_custom_1529058203410{padding-bottom: 20px !important;}\u00a0\u00bb][vc_separator type=\u00a0\u00bbnormal\u00a0\u00bb color=\u00a0\u00bb#000000&Prime;][vc_column_text]<\/p>\n<h4>PASSAGE DE GALOPS<\/h4>\n<p>[\/vc_column_text][vc_separator type=\u00a0\u00bbnormal\u00a0\u00bb color=\u00a0\u00bb#000000&Prime;][vc_row_inner row_type=\u00a0\u00bbrow\u00a0\u00bb type=\u00a0\u00bbfull_width\u00a0\u00bb text_align=\u00a0\u00bbleft\u00a0\u00bb css_animation=\u00a0\u00bb\u00a0\u00bb css=\u00a0\u00bb.vc_custom_1529057753034{background-color: #e5e5e5 !important;}\u00a0\u00bb][vc_column_inner][vc_column_text css=\u00a0\u00bb\u00a0\u00bb]<img loading=\"lazy\" decoding=\"async\" class=\"aligncenter wp-image-6077 size-full\" src=\"https:\/\/cebuzenval.com\/wp-content\/uploads\/2025\/05\/passage_galops_123_2025.jpg\" alt=\"\" width=\"681\" height=\"963\" srcset=\"https:\/\/cebuzenval.com\/wp-content\/uploads\/2025\/05\/passage_galops_123_2025.jpg 681w, https:\/\/cebuzenval.com\/wp-content\/uploads\/2025\/05\/passage_galops_123_2025-212x300.jpg 212w\" sizes=\"auto, (max-width: 681px) 100vw, 681px\" \/><\/p>\n<p>&nbsp;<\/p>\n<hr \/>\n<p><img loading=\"lazy\" decoding=\"async\" class=\"aligncenter wp-image-6078 size-full\" src=\"https:\/\/cebuzenval.com\/wp-content\/uploads\/2025\/05\/passage_galops_bronzeargor_2025.jpg\" alt=\"\" width=\"714\" height=\"1011\" srcset=\"https:\/\/cebuzenval.com\/wp-content\/uploads\/2025\/05\/passage_galops_bronzeargor_2025.jpg 714w, https:\/\/cebuzenval.com\/wp-content\/uploads\/2025\/05\/passage_galops_bronzeargor_2025-212x300.jpg 212w, https:\/\/cebuzenval.com\/wp-content\/uploads\/2025\/05\/passage_galops_bronzeargor_2025-700x991.jpg 700w\" sizes=\"auto, (max-width: 714px) 100vw, 714px\" \/>[\/vc_column_text][vc_separator type=\u00a0\u00bbnormal\u00a0\u00bb color=\u00a0\u00bb#000000&Prime;][\/vc_column_inner][\/vc_row_inner][vc_row_inner row_type=\u00a0\u00bbrow\u00a0\u00bb type=\u00a0\u00bbfull_width\u00a0\u00bb text_align=\u00a0\u00bbleft\u00a0\u00bb css_animation=\u00a0\u00bb\u00a0\u00bb css=\u00a0\u00bb.vc_custom_1529057753034{background-color: #e5e5e5 !important;}\u00a0\u00bb][vc_column_inner][vc_column_text]<\/p>\n<h2><strong>Comment passer ses galops ?<\/strong><\/h2>\n<p style=\"text-align: justify;\"><span style=\"color: #000000;\">Plusieurs fois par an sont organis\u00e9s des stages qui se terminent par une journ\u00e9e de passage de galops.<\/span><\/p>\n<p style=\"text-align: justify;\"><span style=\"color: #000000;\">Il faut en g\u00e9n\u00e9ral suivre une journ\u00e9e de stage en plus de la journ\u00e9e de passage de galops, mais cela est variable selon les niveaux.<\/span><\/p>\n<p style=\"text-align: justify;\"><span style=\"color: #000000;\">Le mieux est de demander \u00e0 votre moniteur s&rsquo;il estime que vous pouvez vous pr\u00e9senter \u00e0 l&rsquo;examen.<\/span><\/p>\n<p style=\"text-align: justify;\"><span style=\"color: #000000;\">Les sessions sont en g\u00e9n\u00e9ral annonc\u00e9es par affichage ou sur ce site, et l&rsquo;inscription se fait au secr\u00e9tariat.<\/span><\/p>\n<p>[\/vc_column_text][vc_separator type=\u00a0\u00bbnormal\u00a0\u00bb color=\u00a0\u00bb#000000&Prime;][vc_column_text]<\/p>\n<p dir=\"ltr\" style=\"text-align: justify;\"><span style=\"color: #000000;\">Envie de r\u00e9ussir vos passages de Galop ? Pensez aux stages et journ\u00e9es de perfectionnement que nous organisons toute l\u2019ann\u00e9e ! N\u2019h\u00e9sitez pas \u00e0 consulter le planning des animations pour vous inscrire.<\/span><\/p>\n<p dir=\"ltr\" style=\"text-align: justify;\"><span style=\"color: #000000;\">Les Galops, qu\u2019est-ce c\u2019est ? Ce sont des examens pratiques et th\u00e9oriques, mis en place par la F\u00e9d\u00e9ration Fran\u00e7aise d\u2019Equitation (FFE), qui attestent du niveau des cavaliers tout au long de leur vie \u00e0 poney et \u00e0 cheval.<\/span><\/p>\n<p dir=\"ltr\" style=\"text-align: justify;\"><span style=\"color: #000000;\"><b>Non obligatoires, les apprentissages de chaque Galop doivent \u00eatre n\u00e9anmoins acquis pour passer dans une reprise de niveau sup\u00e9rieur.<\/b><\/span><\/p>\n<p dir=\"ltr\" style=\"text-align: justify;\"><span style=\"color: #000000;\">Chaque Galop se d\u00e9compose en plusieurs modules :<\/span><\/p>\n<ol style=\"text-align: justify;\">\n<li dir=\"ltr\">\n<p dir=\"ltr\"><span style=\"color: #000000;\">Th\u00e9orique : connaissances des chevaux et de l\u2019\u00e9quitation<\/span><\/p>\n<\/li>\n<li dir=\"ltr\">\n<p dir=\"ltr\"><span style=\"color: #000000;\">Pratique : aptitudes \u00e9questres, parcours type \u00c9quifun (Galops 1 et 2) et reprises de dressage et parcours d\u2019obstacles (Galops 3 \u00e0 7)<\/span><\/p>\n<\/li>\n<li dir=\"ltr\">\n<p dir=\"ltr\"><span style=\"color: #000000;\">Travail \u00e0 pied : comp\u00e9tences dans le guidage de chevaux en mains<\/span><\/p>\n<\/li>\n<li dir=\"ltr\">\n<p dir=\"ltr\"><span style=\"color: #000000;\">Soins : savoir s\u2019occuper des chevaux et leur prodiguer les soins n\u00e9cessaires<\/span><\/p>\n<\/li>\n<\/ol>\n<p dir=\"ltr\" style=\"text-align: justify;\"><span style=\"color: #000000;\">D\u00e9couvrez les programmes, parcours et reprises de chaque Galop sur le tableau ci-dessous.<\/span><\/p>\n<p dir=\"ltr\" style=\"text-align: justify;\"><span style=\"color: #000000;\">Pour pre\u0301parer au mieux ces Galops, nous vous conseillons l\u2019achat des<em><strong> <a style=\"color: #000000;\" href=\"https:\/\/boutique.ffe.com\/librairie.html\" target=\"_blank\" rel=\"nofollow noopener noreferrer\">Livres Officiels des Galops<\/a><\/strong><\/em> cr\u00e9\u00e9s par la FFE.<\/span><\/p>\n<p dir=\"ltr\" style=\"text-align: justify;\"><span style=\"color: #000000;\">Nouveaute\u0301 de la saison, les jeunes cavaliers shetlands vont aussi pouvoir terminer l\u2019anne\u0301e avec un diplo\u0302me sp\u00e9cialement pens\u00e9 pour eux ! Les informations arrivent tr\u00e8s vite.<\/span><\/p>\n<div style=\"text-align: justify;\"><span style=\"color: #000000;\">Les d\u00e9butants passeront le galop de bronze,<\/span><\/div>\n<div style=\"text-align: justify;\"><span style=\"color: #000000;\">Les 1er PAS passeront le poney d&rsquo;argent,<\/span><\/div>\n<div style=\"text-align: justify;\">\n<p><span style=\"color: #000000;\">Les 2\u00e8me PAS passeront le poney d&rsquo;or.<\/span><\/p>\n<\/div>\n<div style=\"text-align: justify;\"><span style=\"color: #000000;\">Les monitrices et moniteurs sont a\u0300 votre disposition si vous avez des questions. Bonne pre\u0301paration !<\/span><\/div>\n<p dir=\"ltr\" style=\"text-align: right;\"><span style=\"color: #000000;\">L\u2019Equipe du CEB<\/span><\/p>\n<p>[\/vc_column_text][vc_column_text]<\/p>\n<hr \/>\n<h4 style=\"text-align: center;\"><span style=\"color: #f17569;\"><strong>S\u00e9lectionnez d&rsquo;un clic le document t\u00e9l\u00e9chargeable qui vous int\u00e9resse !<\/strong><\/span><\/h4>\n<p style=\"text-align: center;\">\n<table id=\"tablepress-19\" class=\"tablepress tablepress-id-19\">\n<thead>\n<tr class=\"row-1\">\n\t<th class=\"column-1\"><strong>Programmes<\/strong><\/th><th class=\"column-2\"><strong>Parcours et reprises<\/strong><\/th><th class=\"column-3\"><strong>Jeunes cavaliers shetland<\/strong><\/th>\n<\/tr>\n<\/thead>\n<tbody>\n<tr class=\"row-2\">\n\t<td class=\"column-1\"><a href=\"https:\/\/cebuzenval.com\/wp-content\/uploads\/2021\/04\/Galop1.pdf\" rel=\"noopener\" target=\"_blank\">Programme Galop 1<\/a><\/td><td class=\"column-2\"><a href=\"https:\/\/cebuzenval.com\/wp-content\/uploads\/2021\/04\/Parcours-G1.pdf\" rel=\"noopener\" target=\"_blank\">Parcours Galop 1<\/a><\/td><td class=\"column-3\"><a href=\"https:\/\/cebuzenval.com\/wp-content\/uploads\/2021\/04\/galop-bronze-v2.pdf\" rel=\"noopener\" target=\"_blank\">D\u00e9butants - Galop de Bronze<\/a><\/td>\n<\/tr>\n<tr class=\"row-3\">\n\t<td class=\"column-1\"><a href=\"https:\/\/cebuzenval.com\/wp-content\/uploads\/2021\/04\/Galop2.pdf\" rel=\"noopener\" target=\"_blank\">Programme Galop 2<\/a><\/td><td class=\"column-2\"><a href=\"https:\/\/cebuzenval.com\/wp-content\/uploads\/2021\/04\/Parcours-G2.pdf\" rel=\"noopener\" target=\"_blank\">Parcours Galop 2<\/a><\/td><td class=\"column-3\"><a href=\"https:\/\/cebuzenval.com\/wp-content\/uploads\/2021\/04\/poney-dargent-V2.pdf\" rel=\"noopener\" target=\"_blank\">1er Pas - Poney d'Argent<\/a><\/td>\n<\/tr>\n<tr class=\"row-4\">\n\t<td class=\"column-1\"><a href=\"https:\/\/cebuzenval.com\/wp-content\/uploads\/2021\/04\/Galop3.pdf\" rel=\"noopener\" target=\"_blank\">Programme Galop 3<\/a><\/td><td class=\"column-2\"><\/td><td class=\"column-3\"><a href=\"https:\/\/cebuzenval.com\/wp-content\/uploads\/2021\/04\/poney-dor-V2.pdf\" rel=\"noopener\" target=\"_blank\">2\u00e8me Pas - Poney d'Or<\/a><\/td>\n<\/tr>\n<tr class=\"row-5\">\n\t<td class=\"column-1\"><a href=\"https:\/\/cebuzenval.com\/wp-content\/uploads\/2021\/04\/Galop4.pdf\" rel=\"noopener\" target=\"_blank\">Programme Galop 4<\/a><\/td><td class=\"column-2\"><a href=\"https:\/\/ffecompet.ffe.com\/files\/protocoles\/23.pdf\" rel=\"noopener\" target=\"_blank\">Reprise Galop 4<\/a><\/td><td class=\"column-3\"><\/td>\n<\/tr>\n<tr class=\"row-6\">\n\t<td class=\"column-1\"><a href=\"https:\/\/cebuzenval.com\/wp-content\/uploads\/2021\/04\/Galop5.pdf\" rel=\"noopener\" target=\"_blank\">Programme Galop 5<\/a><\/td><td class=\"column-2\"><a href=\"https:\/\/ffecompet.ffe.com\/files\/protocoles\/27.pdf\" rel=\"noopener\" target=\"_blank\">Reprise Galop 5<\/a><\/td><td class=\"column-3\"><\/td>\n<\/tr>\n<tr class=\"row-7\">\n\t<td class=\"column-1\"><a href=\"https:\/\/cebuzenval.com\/wp-content\/uploads\/2021\/04\/Galop6.pdf\" rel=\"noopener\" target=\"_blank\">Programme Galop 6<\/a><\/td><td class=\"column-2\"><a href=\"https:\/\/ffecompet.ffe.com\/files\/protocoles\/29.pdf\" rel=\"noopener\" target=\"_blank\">Reprise Galop 6<\/a><\/td><td class=\"column-3\"><\/td>\n<\/tr>\n<tr class=\"row-8\">\n\t<td class=\"column-1\"><a href=\"https:\/\/cebuzenval.com\/wp-content\/uploads\/2021\/04\/Galop7.pdf\" rel=\"noopener\" target=\"_blank\">Programme Galop 7<\/a><\/td><td class=\"column-2\"><a href=\"https:\/\/ffecompet.ffe.com\/files\/protocoles\/19.pdf\" rel=\"noopener\" target=\"_blank\">Reprise Galop 7<\/a><\/td><td class=\"column-3\"><\/td>\n<\/tr>\n<\/tbody>\n<\/table>\n<!-- #tablepress-19 from cache --><\/p>\n<p>[\/vc_column_text][vc_separator type=\u00a0\u00bbnormal\u00a0\u00bb color=\u00a0\u00bb#000000&Prime;][\/vc_column_inner][\/vc_row_inner][\/vc_column][vc_column width=\u00a0\u00bb1\/6&Prime; offset=\u00a0\u00bbvc_hidden-xs\u00a0\u00bb][vc_single_image image=\u00a0\u00bb741&Prime; img_size=\u00a0\u00bbfull\u00a0\u00bb alignment=\u00a0\u00bbcenter\u00a0\u00bb css=\u00a0\u00bb.vc_custom_1537879476809{padding-top: 5px !important;padding-bottom: 5px !important;}\u00a0\u00bb qode_css_animation=\u00a0\u00bb\u00a0\u00bb][vc_single_image image=\u00a0\u00bb393&Prime; img_size=\u00a0\u00bbfull\u00a0\u00bb alignment=\u00a0\u00bbcenter\u00a0\u00bb css=\u00a0\u00bb.vc_custom_1537879484192{padding-bottom: 5px !important;}\u00a0\u00bb qode_css_animation=\u00a0\u00bb\u00a0\u00bb][vc_single_image image=\u00a0\u00bb369&Prime; img_size=\u00a0\u00bbfull\u00a0\u00bb alignment=\u00a0\u00bbcenter\u00a0\u00bb css=\u00a0\u00bb.vc_custom_1568394987353{padding-bottom: 5px !important;}\u00a0\u00bb qode_css_animation=\u00a0\u00bb\u00a0\u00bb][vc_single_image image=\u00a0\u00bb394&Prime; img_size=\u00a0\u00bbfull\u00a0\u00bb alignment=\u00a0\u00bbcenter\u00a0\u00bb css=\u00a0\u00bb.vc_custom_1537879489659{padding-top: 5px !important;padding-bottom: 5px !important;}\u00a0\u00bb qode_css_animation=\u00a0\u00bb\u00a0\u00bb][vc_single_image image=\u00a0\u00bb697&Prime; img_size=\u00a0\u00bbfull\u00a0\u00bb alignment=\u00a0\u00bbcenter\u00a0\u00bb css=\u00a0\u00bb.vc_custom_1683971290149{padding-top: 5px !important;padding-bottom: 5px !important;}\u00a0\u00bb qode_css_animation=\u00a0\u00bb\u00a0\u00bb][vc_single_image image=\u00a0\u00bb678&Prime; img_size=\u00a0\u00bbfull\u00a0\u00bb alignment=\u00a0\u00bbcenter\u00a0\u00bb css=\u00a0\u00bb.vc_custom_1683971354901{padding-bottom: 5px !important;}\u00a0\u00bb qode_css_animation=\u00a0\u00bb\u00a0\u00bb][vc_single_image image=\u00a0\u00bb367&Prime; img_size=\u00a0\u00bbfull\u00a0\u00bb alignment=\u00a0\u00bbcenter\u00a0\u00bb css=\u00a0\u00bb.vc_custom_1683971522329{padding-bottom: 5px !important;}\u00a0\u00bb qode_css_animation=\u00a0\u00bb\u00a0\u00bb][vc_single_image image=\u00a0\u00bb365&Prime; img_size=\u00a0\u00bbfull\u00a0\u00bb alignment=\u00a0\u00bbcenter\u00a0\u00bb css=\u00a0\u00bb.vc_custom_1683971540575{padding-bottom: 5px !important;}\u00a0\u00bb qode_css_animation=\u00a0\u00bb\u00a0\u00bb][vc_single_image image=\u00a0\u00bb394&Prime; img_size=\u00a0\u00bbfull\u00a0\u00bb alignment=\u00a0\u00bbcenter\u00a0\u00bb css=\u00a0\u00bb.vc_custom_1683971580843{padding-bottom: 5px !important;}\u00a0\u00bb qode_css_animation=\u00a0\u00bb\u00a0\u00bb][vc_single_image image=\u00a0\u00bb365&Prime; img_size=\u00a0\u00bbfull\u00a0\u00bb alignment=\u00a0\u00bbcenter\u00a0\u00bb css=\u00a0\u00bb.vc_custom_1683971701861{padding-bottom: 5px !important;}\u00a0\u00bb qode_css_animation=\u00a0\u00bb\u00a0\u00bb][vc_single_image image=\u00a0\u00bb386&Prime; img_size=\u00a0\u00bbfull\u00a0\u00bb alignment=\u00a0\u00bbcenter\u00a0\u00bb css=\u00a0\u00bb.vc_custom_1683971761622{padding-bottom: 5px !important;}\u00a0\u00bb qode_css_animation=\u00a0\u00bb\u00a0\u00bb][vc_single_image image=\u00a0\u00bb395&Prime; img_size=\u00a0\u00bbfull\u00a0\u00bb alignment=\u00a0\u00bbcenter\u00a0\u00bb css=\u00a0\u00bb.vc_custom_1684053683510{padding-bottom: 5px !important;}\u00a0\u00bb qode_css_animation=\u00a0\u00bb\u00a0\u00bb][vc_single_image image=\u00a0\u00bb399&Prime; img_size=\u00a0\u00bbfull\u00a0\u00bb alignment=\u00a0\u00bbcenter\u00a0\u00bb css=\u00a0\u00bb.vc_custom_1684053894648{padding-bottom: 5px !important;}\u00a0\u00bb qode_css_animation=\u00a0\u00bb\u00a0\u00bb][\/vc_column][\/vc_row]<\/p>\n<\/div>","protected":false},"excerpt":{"rendered":"<p>[vc_row css_animation=\u00a0\u00bb\u00a0\u00bb row_type=\u00a0\u00bbrow\u00a0\u00bb use_row_as_full_screen_section=\u00a0\u00bbno\u00a0\u00bb type=\u00a0\u00bbfull_width\u00a0\u00bb angled_section=\u00a0\u00bbno\u00a0\u00bb text_align=\u00a0\u00bbleft\u00a0\u00bb background_image_as_pattern=\u00a0\u00bbwithout_pattern\u00a0\u00bb][vc_column][vc_empty_space background_image=\u00a0\u00bb15418&Prime; image_repeat=\u00a0\u00bbrepeat-x\u00a0\u00bb][rev_slider_vc alias=\u00a0\u00bblogo-fushia\u00a0\u00bb][\/vc_column][\/vc_row][vc_row css_animation=\u00a0\u00bb\u00a0\u00bb row_type=\u00a0\u00bbrow\u00a0\u00bb use_row_as_full_screen_section=\u00a0\u00bbno\u00a0\u00bb type=\u00a0\u00bbfull_width\u00a0\u00bb angled_section=\u00a0\u00bbno\u00a0\u00bb text_align=\u00a0\u00bbleft\u00a0\u00bb background_image_as_pattern=\u00a0\u00bbwithout_pattern\u00a0\u00bb background_color=\u00a0\u00bb#ffffff\u00a0\u00bb z_index=\u00a0\u00bb\u00a0\u00bb css=\u00a0\u00bb.vc_custom_1529057908845{padding-right: 15px !important;padding-left: 15px !important;}\u00a0\u00bb][vc_column width=\u00a0\u00bb1\/6&Prime; offset=\u00a0\u00bbvc_hidden-xs\u00a0\u00bb][vc_single_image image=\u00a0\u00bb743&Prime; img_size=\u00a0\u00bbfull\u00a0\u00bb alignment=\u00a0\u00bbcenter\u00a0\u00bb css=\u00a0\u00bb.vc_custom_1537879464046{padding-top: 5px !important;padding-bottom: 5px !important;}\u00a0\u00bb qode_css_animation=\u00a0\u00bb\u00a0\u00bb][vc_single_image image=\u00a0\u00bb386&Prime; img_size=\u00a0\u00bbfull\u00a0\u00bb alignment=\u00a0\u00bbcenter\u00a0\u00bb css=\u00a0\u00bb.vc_custom_1537879458492{padding-bottom: 5px !important;}\u00a0\u00bb qode_css_animation=\u00a0\u00bb\u00a0\u00bb][vc_single_image image=\u00a0\u00bb740&Prime; img_size=\u00a0\u00bbfull\u00a0\u00bb alignment=\u00a0\u00bbcenter\u00a0\u00bb css=\u00a0\u00bb.vc_custom_1537879470524{padding-top: 5px !important;padding-bottom: 5px !important;}\u00a0\u00bb qode_css_animation=\u00a0\u00bb\u00a0\u00bb][vc_single_image image=\u00a0\u00bb697&Prime; img_size=\u00a0\u00bbfull\u00a0\u00bb alignment=\u00a0\u00bbcenter\u00a0\u00bb css=\u00a0\u00bb.vc_custom_1568394961018{padding-bottom: 5px !important;}\u00a0\u00bb qode_css_animation=\u00a0\u00bb\u00a0\u00bb][vc_single_image image=\u00a0\u00bb682&Prime; img_size=\u00a0\u00bbfull\u00a0\u00bb alignment=\u00a0\u00bbcenter\u00a0\u00bb css=\u00a0\u00bb.vc_custom_1683971258264{padding-bottom: 5px !important;}\u00a0\u00bb qode_css_animation=\u00a0\u00bb\u00a0\u00bb][vc_single_image image=\u00a0\u00bb390&Prime; img_size=\u00a0\u00bbfull\u00a0\u00bb alignment=\u00a0\u00bbcenter\u00a0\u00bb css=\u00a0\u00bb.vc_custom_1683971407288{padding-bottom: 5px !important;}\u00a0\u00bb qode_css_animation=\u00a0\u00bb\u00a0\u00bb][vc_single_image image=\u00a0\u00bb386&Prime; img_size=\u00a0\u00bbfull\u00a0\u00bb alignment=\u00a0\u00bbcenter\u00a0\u00bb css=\u00a0\u00bb.vc_custom_1683971428754{padding-bottom: 5px !important;}\u00a0\u00bb qode_css_animation=\u00a0\u00bb\u00a0\u00bb][vc_single_image image=\u00a0\u00bb395&Prime; img_size=\u00a0\u00bbfull\u00a0\u00bb alignment=\u00a0\u00bbcenter\u00a0\u00bb css=\u00a0\u00bb.vc_custom_1683971443383{padding-bottom: 5px !important;}\u00a0\u00bb qode_css_animation=\u00a0\u00bb\u00a0\u00bb][vc_single_image image=\u00a0\u00bb387&Prime; img_size=\u00a0\u00bbfull\u00a0\u00bb alignment=\u00a0\u00bbcenter\u00a0\u00bb css=\u00a0\u00bb.vc_custom_1683971456282{padding-bottom: 5px !important;}\u00a0\u00bb qode_css_animation=\u00a0\u00bb\u00a0\u00bb][vc_single_image image=\u00a0\u00bb367&Prime; img_size=\u00a0\u00bbfull\u00a0\u00bb alignment=\u00a0\u00bbcenter\u00a0\u00bb css=\u00a0\u00bb.vc_custom_1683971677168{padding-bottom: 5px !important;}\u00a0\u00bb qode_css_animation=\u00a0\u00bb\u00a0\u00bb][vc_single_image image=\u00a0\u00bb393&Prime; img_size=\u00a0\u00bbfull\u00a0\u00bb alignment=\u00a0\u00bbcenter\u00a0\u00bb css=\u00a0\u00bb.vc_custom_1683971790410{padding-bottom: 5px !important;}\u00a0\u00bb qode_css_animation=\u00a0\u00bb\u00a0\u00bb][vc_single_image image=\u00a0\u00bb381&Prime; img_size=\u00a0\u00bbfull\u00a0\u00bb alignment=\u00a0\u00bbcenter\u00a0\u00bb css=\u00a0\u00bb.vc_custom_1684053651783{padding-bottom: 5px !important;}\u00a0\u00bb qode_css_animation=\u00a0\u00bb\u00a0\u00bb][vc_single_image image=\u00a0\u00bb369&Prime; img_size=\u00a0\u00bbfull\u00a0\u00bb alignment=\u00a0\u00bbcenter\u00a0\u00bb css=\u00a0\u00bb.vc_custom_1684053744995{padding-bottom: 5px !important;}\u00a0\u00bb qode_css_animation=\u00a0\u00bb\u00a0\u00bb][\/vc_column][vc_column width=\u00a0\u00bb2\/3&Prime; css=\u00a0\u00bb.vc_custom_1529058203410{padding-bottom: 20px !important;}\u00a0\u00bb][vc_separator type=\u00a0\u00bbnormal\u00a0\u00bb color=\u00a0\u00bb#000000&Prime;][vc_column_text] PASSAGE DE GALOPS [\/vc_column_text][vc_separator type=\u00a0\u00bbnormal\u00a0\u00bb color=\u00a0\u00bb#000000&Prime;][vc_row_inner row_type=\u00a0\u00bbrow\u00a0\u00bb type=\u00a0\u00bbfull_width\u00a0\u00bb text_align=\u00a0\u00bbleft\u00a0\u00bb css_animation=\u00a0\u00bb\u00a0\u00bb css=\u00a0\u00bb.vc_custom_1529057753034{background-color: #e5e5e5 !important;}\u00a0\u00bb][vc_column_inner][vc_column_text css=\u00a0\u00bb\u00a0\u00bb] &nbsp; [\/vc_column_text][vc_separator type=\u00a0\u00bbnormal\u00a0\u00bb color=\u00a0\u00bb#000000&Prime;][\/vc_column_inner][\/vc_row_inner][vc_row_inner row_type=\u00a0\u00bbrow\u00a0\u00bb type=\u00a0\u00bbfull_width\u00a0\u00bb text_align=\u00a0\u00bbleft\u00a0\u00bb css_animation=\u00a0\u00bb\u00a0\u00bb css=\u00a0\u00bb.vc_custom_1529057753034{background-color: #e5e5e5 !important;}\u00a0\u00bb][vc_column_inner][vc_column_text] Comment passer ses galops ? Plusieurs fois par an sont organis\u00e9s des stages qui se terminent par une journ\u00e9e de passage de galops. Il faut en g\u00e9n\u00e9ral suivre une journ\u00e9e de stage en plus de la journ\u00e9e de passage de galops, mais cela est variable selon les niveaux. Le mieux est de demander \u00e0 votre moniteur s&rsquo;il estime que vous pouvez vous pr\u00e9senter \u00e0 l&rsquo;examen. Les sessions sont en g\u00e9n\u00e9ral annonc\u00e9es par affichage ou sur ce site, et l&rsquo;inscription se fait au secr\u00e9tariat. [\/vc_column_text][vc_separator type=\u00a0\u00bbnormal\u00a0\u00bb color=\u00a0\u00bb#000000&Prime;][vc_column_text] Envie de r\u00e9ussir vos passages de Galop ? Pensez aux stages et journ\u00e9es de perfectionnement que nous organisons toute l\u2019ann\u00e9e ! N\u2019h\u00e9sitez pas \u00e0 consulter le planning des animations pour vous inscrire. Les Galops, qu\u2019est-ce c\u2019est ? Ce sont des examens pratiques et th\u00e9oriques, mis en place par la F\u00e9d\u00e9ration Fran\u00e7aise d\u2019Equitation (FFE), qui attestent du niveau des cavaliers tout au&#8230;<\/p>\n","protected":false},"author":1,"featured_media":0,"parent":0,"menu_order":0,"comment_status":"closed","ping_status":"closed","template":"full_width.php","meta":{"footnotes":""},"class_list":["post-617","page","type-page","status-publish","hentry"],"_links":{"self":[{"href":"https:\/\/cebuzenval.com\/index.php\/wp-json\/wp\/v2\/pages\/617","targetHints":{"allow":["GET"]}}],"collection":[{"href":"https:\/\/cebuzenval.com\/index.php\/wp-json\/wp\/v2\/pages"}],"about":[{"href":"https:\/\/cebuzenval.com\/index.php\/wp-json\/wp\/v2\/types\/page"}],"author":[{"embeddable":true,"href":"https:\/\/cebuzenval.com\/index.php\/wp-json\/wp\/v2\/users\/1"}],"replies":[{"embeddable":true,"href":"https:\/\/cebuzenval.com\/index.php\/wp-json\/wp\/v2\/comments?post=617"}],"version-history":[{"count":104,"href":"https:\/\/cebuzenval.com\/index.php\/wp-json\/wp\/v2\/pages\/617\/revisions"}],"predecessor-version":[{"id":6080,"href":"https:\/\/cebuzenval.com\/index.php\/wp-json\/wp\/v2\/pages\/617\/revisions\/6080"}],"wp:attachment":[{"href":"https:\/\/cebuzenval.com\/index.php\/wp-json\/wp\/v2\/media?parent=617"}],"curies":[{"name":"wp","href":"https:\/\/api.w.org\/{rel}","templated":true}]}}