{"id":748,"date":"2018-07-16T10:44:13","date_gmt":"2018-07-16T08:44:13","guid":{"rendered":"http:\/\/cebuzenval.com\/?page_id=748"},"modified":"2024-08-31T13:52:42","modified_gmt":"2024-08-31T11:52:42","slug":"club-house","status":"publish","type":"page","link":"https:\/\/cebuzenval.com\/index.php\/club-house\/","title":{"rendered":"Club-House"},"content":{"rendered":"<div class=\"wpb-content-wrapper\"><p>[vc_row css_animation=\u00a0\u00bb\u00a0\u00bb row_type=\u00a0\u00bbrow\u00a0\u00bb use_row_as_full_screen_section=\u00a0\u00bbno\u00a0\u00bb type=\u00a0\u00bbfull_width\u00a0\u00bb angled_section=\u00a0\u00bbno\u00a0\u00bb text_align=\u00a0\u00bbleft\u00a0\u00bb background_image_as_pattern=\u00a0\u00bbwithout_pattern\u00a0\u00bb][vc_column][vc_empty_space background_image=\u00a0\u00bb15418&Prime; image_repeat=\u00a0\u00bbrepeat-x\u00a0\u00bb][rev_slider_vc alias=\u00a0\u00bblogo-fushia\u00a0\u00bb][\/vc_column][\/vc_row][vc_row css_animation=\u00a0\u00bb\u00a0\u00bb row_type=\u00a0\u00bbrow\u00a0\u00bb use_row_as_full_screen_section=\u00a0\u00bbno\u00a0\u00bb type=\u00a0\u00bbfull_width\u00a0\u00bb angled_section=\u00a0\u00bbno\u00a0\u00bb text_align=\u00a0\u00bbleft\u00a0\u00bb background_image_as_pattern=\u00a0\u00bbwithout_pattern\u00a0\u00bb background_color=\u00a0\u00bb#ffffff\u00a0\u00bb z_index=\u00a0\u00bb\u00a0\u00bb css=\u00a0\u00bb.vc_custom_1529057908845{padding-right: 15px !important;padding-left: 15px !important;}\u00a0\u00bb][vc_column width=\u00a0\u00bb1\/6&Prime; offset=\u00a0\u00bbvc_hidden-xs\u00a0\u00bb][vc_single_image image=\u00a0\u00bb386&Prime; img_size=\u00a0\u00bbfull\u00a0\u00bb alignment=\u00a0\u00bbcenter\u00a0\u00bb css=\u00a0\u00bb.vc_custom_1537879666290{padding-bottom: 5px !important;}\u00a0\u00bb qode_css_animation=\u00a0\u00bb\u00a0\u00bb][vc_single_image image=\u00a0\u00bb685&Prime; img_size=\u00a0\u00bbfull\u00a0\u00bb alignment=\u00a0\u00bbcenter\u00a0\u00bb css=\u00a0\u00bb.vc_custom_1537879672315{padding-top: 5px !important;padding-bottom: 5px !important;}\u00a0\u00bb qode_css_animation=\u00a0\u00bb\u00a0\u00bb][vc_single_image image=\u00a0\u00bb388&Prime; img_size=\u00a0\u00bbfull\u00a0\u00bb alignment=\u00a0\u00bbcenter\u00a0\u00bb css=\u00a0\u00bb.vc_custom_1537879677132{padding-top: 5px !important;padding-bottom: 5px !important;}\u00a0\u00bb qode_css_animation=\u00a0\u00bb\u00a0\u00bb][vc_single_image image=\u00a0\u00bb390&Prime; img_size=\u00a0\u00bbfull\u00a0\u00bb alignment=\u00a0\u00bbcenter\u00a0\u00bb css=\u00a0\u00bb.vc_custom_1537879683022{padding-top: 5px !important;padding-bottom: 5px !important;}\u00a0\u00bb qode_css_animation=\u00a0\u00bb\u00a0\u00bb][vc_single_image image=\u00a0\u00bb393&Prime; img_size=\u00a0\u00bbfull\u00a0\u00bb alignment=\u00a0\u00bbcenter\u00a0\u00bb css=\u00a0\u00bb.vc_custom_1537879694354{padding-bottom: 5px !important;}\u00a0\u00bb qode_css_animation=\u00a0\u00bb\u00a0\u00bb][\/vc_column][vc_column width=\u00a0\u00bb2\/3&Prime; css=\u00a0\u00bb.vc_custom_1529058203410{padding-bottom: 20px !important;}\u00a0\u00bb][vc_separator type=\u00a0\u00bbnormal\u00a0\u00bb color=\u00a0\u00bb#000000&Prime;][vc_column_text]<\/p>\n<h4>CLUB-HOUSE<\/h4>\n<h3 class=\"yiv9595391662Normal\" style=\"text-align: right;\"><\/h3>\n<p>[\/vc_column_text][vc_separator type=\u00a0\u00bbnormal\u00a0\u00bb color=\u00a0\u00bb#000000&Prime;][vc_row_inner row_type=\u00a0\u00bbrow\u00a0\u00bb type=\u00a0\u00bbfull_width\u00a0\u00bb text_align=\u00a0\u00bbleft\u00a0\u00bb background_color=\u00a0\u00bb#ffffff\u00a0\u00bb css_animation=\u00a0\u00bb\u00a0\u00bb css=\u00a0\u00bb.vc_custom_1531731026428{background-color: #e5e5e5 !important;}\u00a0\u00bb][vc_column_inner width=\u00a0\u00bb1\/2&Prime;][vc_column_text]<\/p>\n<div class=\"page\" title=\"Page 1\">\n<div class=\"layoutArea\">\n<div class=\"column\">\n<p style=\"text-align: justify;\"><strong>Le Club-house \u00ab\u00a0Chez Merzak\u00a0\u00bb vous attend au niveau de la tribune du Grand Man\u00e8ge.\u00a0Au bar ou \u00e0 table, boissons chaudes ou fra\u00eeches, sandwichs, repas chauds ou froids.<\/strong><\/p>\n<p><em><strong>Repas de groupe ou th\u00e9matique, Merzack a la solution !<\/strong><\/em><\/p>\n<\/div>\n<\/div>\n<\/div>\n<p>[\/vc_column_text][\/vc_column_inner][vc_column_inner width=\u00a0\u00bb1\/2&Prime;][vc_column_text]<\/p>\n<div class=\"page\" title=\"Page 1\">\n<div class=\"layoutArea\">\n<div class=\"column\">\n<p><strong>Horaires d&rsquo;ouverture<\/strong><\/p>\n<p><strong>Mardi, jeudi, vendredi : de 19h \u00e0 22h30<\/strong><br \/>\n<strong>Mercredi : de 9h30 \u00e0 22h30<\/strong><br \/>\n<strong>Samedi, dimanche : de 9h \u00e0 19h<\/strong><\/p>\n<p><strong><em>Attention les horaires varient durant les p\u00e9riodes de vacances et\u00a0les jours f\u00e9ri\u00e9s.<\/em><\/strong><\/p>\n<\/div>\n<\/div>\n<\/div>\n<p>[\/vc_column_text][vc_column_text]<\/p>\n<div class=\"page\" title=\"Page 1\">\n<div class=\"layoutArea\">\n<div class=\"column\">\n<p><strong>Tel. 01 47 49 02 23<\/strong><\/p>\n<\/div>\n<\/div>\n<\/div>\n<p>[\/vc_column_text][\/vc_column_inner][\/vc_row_inner][vc_empty_space height=\u00a0\u00bb15px\u00a0\u00bb][vc_row_inner row_type=\u00a0\u00bbrow\u00a0\u00bb type=\u00a0\u00bbfull_width\u00a0\u00bb text_align=\u00a0\u00bbleft\u00a0\u00bb css_animation=\u00a0\u00bb\u00a0\u00bb][vc_column_inner width=\u00a0\u00bb1\/2&Prime;][vc_empty_space height=\u00a0\u00bb15px\u00a0\u00bb][vc_single_image image=\u00a0\u00bb759&Prime; img_size=\u00a0\u00bblarge\u00a0\u00bb qode_css_animation=\u00a0\u00bbelement_from_fade\u00a0\u00bb][vc_empty_space height=\u00a0\u00bb15px\u00a0\u00bb][\/vc_column_inner][vc_column_inner width=\u00a0\u00bb1\/2&Prime;][vc_empty_space height=\u00a0\u00bb15px\u00a0\u00bb][vc_single_image image=\u00a0\u00bb751&Prime; img_size=\u00a0\u00bblarge\u00a0\u00bb qode_css_animation=\u00a0\u00bbelement_from_fade\u00a0\u00bb][vc_empty_space height=\u00a0\u00bb15px\u00a0\u00bb][\/vc_column_inner][\/vc_row_inner][\/vc_column][vc_column width=\u00a0\u00bb1\/6&Prime; offset=\u00a0\u00bbvc_hidden-xs\u00a0\u00bb][vc_single_image image=\u00a0\u00bb730&Prime; img_size=\u00a0\u00bbfull\u00a0\u00bb alignment=\u00a0\u00bbcenter\u00a0\u00bb css=\u00a0\u00bb.vc_custom_1537879703206{padding-top: 5px !important;padding-bottom: 5px !important;}\u00a0\u00bb qode_css_animation=\u00a0\u00bb\u00a0\u00bb][vc_single_image image=\u00a0\u00bb724&Prime; img_size=\u00a0\u00bbfull\u00a0\u00bb alignment=\u00a0\u00bbcenter\u00a0\u00bb css=\u00a0\u00bb.vc_custom_1537879709266{padding-top: 5px !important;padding-bottom: 5px !important;}\u00a0\u00bb qode_css_animation=\u00a0\u00bb\u00a0\u00bb][vc_single_image image=\u00a0\u00bb394&Prime; img_size=\u00a0\u00bbfull\u00a0\u00bb alignment=\u00a0\u00bbcenter\u00a0\u00bb css=\u00a0\u00bb.vc_custom_1537879725859{padding-top: 5px !important;padding-bottom: 5px !important;}\u00a0\u00bb qode_css_animation=\u00a0\u00bb\u00a0\u00bb][vc_single_image image=\u00a0\u00bb395&Prime; img_size=\u00a0\u00bbfull\u00a0\u00bb alignment=\u00a0\u00bbcenter\u00a0\u00bb css=\u00a0\u00bb.vc_custom_1537879732327{padding-top: 5px !important;padding-bottom: 5px !important;}\u00a0\u00bb qode_css_animation=\u00a0\u00bb\u00a0\u00bb][vc_single_image image=\u00a0\u00bb387&Prime; img_size=\u00a0\u00bbfull\u00a0\u00bb alignment=\u00a0\u00bbcenter\u00a0\u00bb css=\u00a0\u00bb.vc_custom_1537879736776{padding-top: 5px !important;padding-bottom: 5px !important;}\u00a0\u00bb qode_css_animation=\u00a0\u00bb\u00a0\u00bb][\/vc_column][\/vc_row]<\/p>\n<\/div>","protected":false},"excerpt":{"rendered":"<p>[vc_row css_animation=\u00a0\u00bb\u00a0\u00bb row_type=\u00a0\u00bbrow\u00a0\u00bb use_row_as_full_screen_section=\u00a0\u00bbno\u00a0\u00bb type=\u00a0\u00bbfull_width\u00a0\u00bb angled_section=\u00a0\u00bbno\u00a0\u00bb text_align=\u00a0\u00bbleft\u00a0\u00bb background_image_as_pattern=\u00a0\u00bbwithout_pattern\u00a0\u00bb][vc_column][vc_empty_space background_image=\u00a0\u00bb15418&Prime; image_repeat=\u00a0\u00bbrepeat-x\u00a0\u00bb][rev_slider_vc alias=\u00a0\u00bblogo-fushia\u00a0\u00bb][\/vc_column][\/vc_row][vc_row css_animation=\u00a0\u00bb\u00a0\u00bb row_type=\u00a0\u00bbrow\u00a0\u00bb use_row_as_full_screen_section=\u00a0\u00bbno\u00a0\u00bb type=\u00a0\u00bbfull_width\u00a0\u00bb angled_section=\u00a0\u00bbno\u00a0\u00bb text_align=\u00a0\u00bbleft\u00a0\u00bb background_image_as_pattern=\u00a0\u00bbwithout_pattern\u00a0\u00bb background_color=\u00a0\u00bb#ffffff\u00a0\u00bb z_index=\u00a0\u00bb\u00a0\u00bb css=\u00a0\u00bb.vc_custom_1529057908845{padding-right: 15px !important;padding-left: 15px !important;}\u00a0\u00bb][vc_column width=\u00a0\u00bb1\/6&Prime; offset=\u00a0\u00bbvc_hidden-xs\u00a0\u00bb][vc_single_image image=\u00a0\u00bb386&Prime; img_size=\u00a0\u00bbfull\u00a0\u00bb alignment=\u00a0\u00bbcenter\u00a0\u00bb css=\u00a0\u00bb.vc_custom_1537879666290{padding-bottom: 5px !important;}\u00a0\u00bb qode_css_animation=\u00a0\u00bb\u00a0\u00bb][vc_single_image image=\u00a0\u00bb685&Prime; img_size=\u00a0\u00bbfull\u00a0\u00bb alignment=\u00a0\u00bbcenter\u00a0\u00bb css=\u00a0\u00bb.vc_custom_1537879672315{padding-top: 5px !important;padding-bottom: 5px !important;}\u00a0\u00bb qode_css_animation=\u00a0\u00bb\u00a0\u00bb][vc_single_image image=\u00a0\u00bb388&Prime; img_size=\u00a0\u00bbfull\u00a0\u00bb alignment=\u00a0\u00bbcenter\u00a0\u00bb css=\u00a0\u00bb.vc_custom_1537879677132{padding-top: 5px !important;padding-bottom: 5px !important;}\u00a0\u00bb qode_css_animation=\u00a0\u00bb\u00a0\u00bb][vc_single_image image=\u00a0\u00bb390&Prime; img_size=\u00a0\u00bbfull\u00a0\u00bb alignment=\u00a0\u00bbcenter\u00a0\u00bb css=\u00a0\u00bb.vc_custom_1537879683022{padding-top: 5px !important;padding-bottom: 5px !important;}\u00a0\u00bb qode_css_animation=\u00a0\u00bb\u00a0\u00bb][vc_single_image image=\u00a0\u00bb393&Prime; img_size=\u00a0\u00bbfull\u00a0\u00bb alignment=\u00a0\u00bbcenter\u00a0\u00bb css=\u00a0\u00bb.vc_custom_1537879694354{padding-bottom: 5px !important;}\u00a0\u00bb qode_css_animation=\u00a0\u00bb\u00a0\u00bb][\/vc_column][vc_column width=\u00a0\u00bb2\/3&Prime; css=\u00a0\u00bb.vc_custom_1529058203410{padding-bottom: 20px !important;}\u00a0\u00bb][vc_separator type=\u00a0\u00bbnormal\u00a0\u00bb color=\u00a0\u00bb#000000&Prime;][vc_column_text] CLUB-HOUSE [\/vc_column_text][vc_separator type=\u00a0\u00bbnormal\u00a0\u00bb color=\u00a0\u00bb#000000&Prime;][vc_row_inner row_type=\u00a0\u00bbrow\u00a0\u00bb type=\u00a0\u00bbfull_width\u00a0\u00bb text_align=\u00a0\u00bbleft\u00a0\u00bb background_color=\u00a0\u00bb#ffffff\u00a0\u00bb css_animation=\u00a0\u00bb\u00a0\u00bb css=\u00a0\u00bb.vc_custom_1531731026428{background-color: #e5e5e5 !important;}\u00a0\u00bb][vc_column_inner width=\u00a0\u00bb1\/2&Prime;][vc_column_text] Le Club-house \u00ab\u00a0Chez Merzak\u00a0\u00bb vous attend au niveau de la tribune du Grand Man\u00e8ge.\u00a0Au bar ou \u00e0 table, boissons chaudes ou fra\u00eeches, sandwichs, repas chauds ou froids. Repas de groupe ou th\u00e9matique, Merzack a la solution ! [\/vc_column_text][\/vc_column_inner][vc_column_inner width=\u00a0\u00bb1\/2&Prime;][vc_column_text] Horaires d&rsquo;ouverture Mardi, jeudi, vendredi : de 19h \u00e0 22h30 Mercredi : de 9h30 \u00e0 22h30 Samedi, dimanche : de 9h \u00e0 19h Attention les horaires varient durant les p\u00e9riodes de vacances et\u00a0les jours f\u00e9ri\u00e9s. [\/vc_column_text][vc_column_text] Tel. 01 47 49 02 23 [\/vc_column_text][\/vc_column_inner][\/vc_row_inner][vc_empty_space height=\u00a0\u00bb15px\u00a0\u00bb][vc_row_inner row_type=\u00a0\u00bbrow\u00a0\u00bb type=\u00a0\u00bbfull_width\u00a0\u00bb text_align=\u00a0\u00bbleft\u00a0\u00bb css_animation=\u00a0\u00bb\u00a0\u00bb][vc_column_inner width=\u00a0\u00bb1\/2&Prime;][vc_empty_space height=\u00a0\u00bb15px\u00a0\u00bb][vc_single_image image=\u00a0\u00bb759&Prime; img_size=\u00a0\u00bblarge\u00a0\u00bb qode_css_animation=\u00a0\u00bbelement_from_fade\u00a0\u00bb][vc_empty_space height=\u00a0\u00bb15px\u00a0\u00bb][\/vc_column_inner][vc_column_inner width=\u00a0\u00bb1\/2&Prime;][vc_empty_space height=\u00a0\u00bb15px\u00a0\u00bb][vc_single_image image=\u00a0\u00bb751&Prime; img_size=\u00a0\u00bblarge\u00a0\u00bb qode_css_animation=\u00a0\u00bbelement_from_fade\u00a0\u00bb][vc_empty_space height=\u00a0\u00bb15px\u00a0\u00bb][\/vc_column_inner][\/vc_row_inner][\/vc_column][vc_column width=\u00a0\u00bb1\/6&Prime; offset=\u00a0\u00bbvc_hidden-xs\u00a0\u00bb][vc_single_image image=\u00a0\u00bb730&Prime; img_size=\u00a0\u00bbfull\u00a0\u00bb alignment=\u00a0\u00bbcenter\u00a0\u00bb css=\u00a0\u00bb.vc_custom_1537879703206{padding-top: 5px !important;padding-bottom: 5px !important;}\u00a0\u00bb qode_css_animation=\u00a0\u00bb\u00a0\u00bb][vc_single_image image=\u00a0\u00bb724&Prime; img_size=\u00a0\u00bbfull\u00a0\u00bb alignment=\u00a0\u00bbcenter\u00a0\u00bb css=\u00a0\u00bb.vc_custom_1537879709266{padding-top: 5px !important;padding-bottom: 5px !important;}\u00a0\u00bb qode_css_animation=\u00a0\u00bb\u00a0\u00bb][vc_single_image image=\u00a0\u00bb394&Prime; img_size=\u00a0\u00bbfull\u00a0\u00bb alignment=\u00a0\u00bbcenter\u00a0\u00bb css=\u00a0\u00bb.vc_custom_1537879725859{padding-top: 5px !important;padding-bottom: 5px !important;}\u00a0\u00bb qode_css_animation=\u00a0\u00bb\u00a0\u00bb][vc_single_image image=\u00a0\u00bb395&Prime; img_size=\u00a0\u00bbfull\u00a0\u00bb alignment=\u00a0\u00bbcenter\u00a0\u00bb css=\u00a0\u00bb.vc_custom_1537879732327{padding-top: 5px !important;padding-bottom: 5px !important;}\u00a0\u00bb qode_css_animation=\u00a0\u00bb\u00a0\u00bb][vc_single_image image=\u00a0\u00bb387&Prime; img_size=\u00a0\u00bbfull\u00a0\u00bb alignment=\u00a0\u00bbcenter\u00a0\u00bb css=\u00a0\u00bb.vc_custom_1537879736776{padding-top: 5px !important;padding-bottom: 5px !important;}\u00a0\u00bb qode_css_animation=\u00a0\u00bb\u00a0\u00bb][\/vc_column][\/vc_row]<\/p>\n","protected":false},"author":1,"featured_media":0,"parent":0,"menu_order":0,"comment_status":"closed","ping_status":"closed","template":"full_width.php","meta":{"footnotes":""},"class_list":["post-748","page","type-page","status-publish","hentry"],"_links":{"self":[{"href":"https:\/\/cebuzenval.com\/index.php\/wp-json\/wp\/v2\/pages\/748","targetHints":{"allow":["GET"]}}],"collection":[{"href":"https:\/\/cebuzenval.com\/index.php\/wp-json\/wp\/v2\/pages"}],"about":[{"href":"https:\/\/cebuzenval.com\/index.php\/wp-json\/wp\/v2\/types\/page"}],"author":[{"embeddable":true,"href":"https:\/\/cebuzenval.com\/index.php\/wp-json\/wp\/v2\/users\/1"}],"replies":[{"embeddable":true,"href":"https:\/\/cebuzenval.com\/index.php\/wp-json\/wp\/v2\/comments?post=748"}],"version-history":[{"count":31,"href":"https:\/\/cebuzenval.com\/index.php\/wp-json\/wp\/v2\/pages\/748\/revisions"}],"predecessor-version":[{"id":5507,"href":"https:\/\/cebuzenval.com\/index.php\/wp-json\/wp\/v2\/pages\/748\/revisions\/5507"}],"wp:attachment":[{"href":"https:\/\/cebuzenval.com\/index.php\/wp-json\/wp\/v2\/media?parent=748"}],"curies":[{"name":"wp","href":"https:\/\/api.w.org\/{rel}","templated":true}]}}